{"id":17,"date":"2024-04-23T19:25:39","date_gmt":"2024-04-23T22:25:39","guid":{"rendered":"https:\/\/hoteldamata.com.br\/?page_id=17"},"modified":"2024-04-25T12:44:51","modified_gmt":"2024-04-25T15:44:51","slug":"homepage-2","status":"publish","type":"page","link":"http:\/\/hoteldamata.com.br\/","title":{"rendered":"Homepage"},"content":{"rendered":"\n<p class=\"has-text-align-center has-white-color has-text-color has-max-60-font-size\" style=\"font-style:normal;font-weight:900;line-height:1.2\"><\/p>\n\n\n\n<div class=\"wp-block-cover alignfull\" style=\"min-height:100vh;aspect-ratio:unset;\"><span aria-hidden=\"true\" class=\"wp-block-cover__background has-background-dim-20 has-background-dim\" style=\"background-color:#6d5b44\"><\/span><img loading=\"lazy\" decoding=\"async\" width=\"3800\" height=\"2850\" class=\"wp-block-cover__image-background wp-image-22\" alt=\"\" src=\"http:\/\/hoteldamata.com.br\/wp-content\/uploads\/2024\/04\/chales.principal2-2.png\" data-object-fit=\"cover\" srcset=\"http:\/\/hoteldamata.com.br\/wp-content\/uploads\/2024\/04\/chales.principal2-2.png 3800w, http:\/\/hoteldamata.com.br\/wp-content\/uploads\/2024\/04\/chales.principal2-2-300x225.png 300w, http:\/\/hoteldamata.com.br\/wp-content\/uploads\/2024\/04\/chales.principal2-2-1024x768.png 1024w, http:\/\/hoteldamata.com.br\/wp-content\/uploads\/2024\/04\/chales.principal2-2-2000x1500.png 2000w\" sizes=\"auto, (max-width: 3800px) 100vw, 3800px\" \/><div class=\"wp-block-cover__inner-container has-global-padding is-layout-constrained wp-block-cover-is-layout-constrained\">\n<p class=\"has-text-align-center has-white-color has-text-color has-medium-font-size\"><\/p>\n\n\n\n<div style=\"height:55px\" aria-hidden=\"true\" class=\"wp-block-spacer\"><\/div>\n\n\n\n<div class=\"wp-block-buttons is-content-justification-center is-layout-flex wp-container-core-buttons-is-layout-a89b3969 wp-block-buttons-is-layout-flex\"><\/div>\n<\/div><\/div>\n\n\n\n<div class=\"wp-block-group has-global-padding is-layout-constrained wp-block-group-is-layout-constrained\">\n<h2 class=\"wp-block-heading has-text-align-center has-medium-font-size\" style=\"letter-spacing:1px\"><br><br>SOBRE O NOSSO HOTEL<\/h2>\n\n\n\n<p class=\"has-text-align-center\">Bem-vindo ao nosso ref\u00fagio em Mairipor\u00e3, SP, o local perfeito para escapar da agita\u00e7\u00e3o da cidade sem se afastar muito. O Hotel da Mata oferece uma experi\u00eancia \u00fanica, proporcionando o equil\u00edbrio ideal entre tranquilidade e conveni\u00eancia, estando estrategicamente localizado pr\u00f3ximo \u00e0 capital de S\u00e3o Paulo. Desfrute do conforto da pens\u00e3o completa, onde cada refei\u00e7\u00e3o \u00e9 uma experi\u00eancia gastron\u00f4mica. Al\u00e9m disso, proporcionamos momentos inesquec\u00edveis para toda a fam\u00edlia, com op\u00e7\u00f5es de lazer que v\u00e3o desde atividades ao ar livre at\u00e9 relaxamento absoluto. Fa\u00e7a do nosso hotel o seu retiro familiar perfeito!<br><\/p>\n<\/div>\n\n\n\n<div class=\"wp-block-cover alignfull has-parallax is-position-center-center\" style=\"border-radius:0px\"><span aria-hidden=\"true\" class=\"wp-block-cover__background has-black-background-color has-background-dim-40 has-background-dim\"><\/span><div class=\"wp-block-cover__image-background wp-image-78 has-parallax\" style=\"background-position:50% 50%;background-image:url(http:\/\/hoteldamata.com.br\/wp-content\/uploads\/2024\/04\/2BEE9714-DC2B-4140-AD13-6D6A5D01E0E1-1-scaled.jpg)\"><\/div><div class=\"wp-block-cover__inner-container is-layout-flow wp-block-cover-is-layout-flow\">\n<div class=\"wp-block-group has-global-padding is-layout-constrained wp-block-group-is-layout-constrained\">\n<h3 class=\"wp-block-heading has-text-align-center has-text-color has-medium-font-size\" style=\"color:#fffffa;text-transform:uppercase\">FA\u00e7a sua reserva<\/h3>\n\n\n\n<p class=\"has-text-align-center has-white-color has-text-color\">Fale com a nossa Central de Reservas pelo WhatsApp e garanta os melhores pre\u00e7os e condi\u00e7\u00f5es.<\/p>\n\n\n\n<div style=\"height:31px\" aria-hidden=\"true\" class=\"wp-block-spacer\"><\/div>\n\n\n\n<div class=\"wp-block-buttons is-horizontal is-content-justification-center is-layout-flex wp-container-core-buttons-is-layout-03627597 wp-block-buttons-is-layout-flex\">\n<div class=\"wp-block-button is-style-outline is-style-outline--1\"><a class=\"wp-block-button__link has-white-color has-text-color wp-element-button\" href=\"https:\/\/api.whatsapp.com\/send?phone=551148585828&amp;text=Ol%C3%A1!%20Gostaria%20de%20fazer%20uma%20reserva,%20podem%20me%20ajudar?\" style=\"border-radius:0px\">RESERVAR<\/a><\/div>\n<\/div>\n<\/div>\n<\/div><\/div>\n\n\n\n<div class=\"wp-block-group alignfull has-background has-global-padding is-layout-constrained wp-block-group-is-layout-constrained\" style=\"background-color:#f8f8f8\">\n<div class=\"wp-block-group has-global-padding is-layout-constrained wp-block-group-is-layout-constrained\" style=\"padding-top:var(--wp--preset--spacing--small);padding-bottom:var(--wp--preset--spacing--small)\">\n<div style=\"height:30px\" aria-hidden=\"true\" class=\"wp-block-spacer\"><\/div>\n\n\n\n<div class=\"wp-block-columns are-vertically-aligned-center is-layout-flex wp-container-core-columns-is-layout-c375d253 wp-block-columns-is-layout-flex\">\n<div class=\"wp-block-column is-vertically-aligned-center is-layout-flow wp-block-column-is-layout-flow\">\n<figure class=\"wp-block-image size-large\"><img loading=\"lazy\" decoding=\"async\" width=\"1024\" height=\"768\" src=\"http:\/\/hoteldamata.com.br\/wp-content\/uploads\/2024\/04\/lazer.aerea_-1024x768.png\" alt=\"\" class=\"wp-image-73\" srcset=\"http:\/\/hoteldamata.com.br\/wp-content\/uploads\/2024\/04\/lazer.aerea_-1024x768.png 1024w, http:\/\/hoteldamata.com.br\/wp-content\/uploads\/2024\/04\/lazer.aerea_-300x225.png 300w, http:\/\/hoteldamata.com.br\/wp-content\/uploads\/2024\/04\/lazer.aerea_.png 1280w\" sizes=\"auto, (max-width: 1024px) 100vw, 1024px\" \/><\/figure>\n<\/div>\n\n\n\n<div class=\"wp-block-column is-vertically-aligned-center is-layout-flow wp-block-column-is-layout-flow\">\n<h2 class=\"wp-block-heading has-medium-font-size\" style=\"text-transform:uppercase\">DAY-USE<\/h2>\n\n\n\n<p>Desfrute de um dia perfeito no Hotel da Mata.<br>Come\u00e7e o dia comum delicioso caf\u00e9 da manh\u00e3, aproveite nossa \u00e1rea de lazer completa durante todo o dia e saboreie um almo\u00e7o especial enquanto desfruta de momentos incesquec\u00edveis com a sua fam\u00edlia. <\/p>\n<\/div>\n<\/div>\n\n\n\n<div class=\"wp-block-columns is-layout-flex wp-container-core-columns-is-layout-c375d253 wp-block-columns-is-layout-flex\">\n<div class=\"wp-block-column is-vertically-aligned-center is-layout-flow wp-block-column-is-layout-flow\">\n<h2 class=\"wp-block-heading has-medium-font-size\" style=\"text-transform:uppercase\">conhe\u00e7a nossas acomoda\u00e7\u00f5es<\/h2>\n\n\n\n<p><strong>Chal\u00e9: <\/strong>Experimente o aconchego do nosso chal\u00e9, composto por tr\u00eas ambientes cuidadosamente pensados para oferecer o m\u00e1ximo em conforto!&nbsp;<\/p>\n\n\n\n<p><strong>Apartamento: <\/strong>Aconchegue-se em nossa su\u00edte, onde o calor da lareira cria uma atmosfera acolhedora.&nbsp;&nbsp;<\/p>\n\n\n\n<div class=\"wp-block-buttons is-horizontal is-content-justification-left is-layout-flex wp-container-core-buttons-is-layout-20be11b6 wp-block-buttons-is-layout-flex\">\n<div class=\"wp-block-button is-style-outline is-style-outline--2\"><a class=\"wp-block-button__link wp-element-button\" href=\"https:\/\/api.whatsapp.com\/send?phone=551148585828&amp;text=Ol%C3%A1!%20Gostaria%20de%20fazer%20uma%20reserva,%20podem%20me%20ajudar?\" style=\"border-radius:0px\">FA\u00c7A SUA RESERVA<\/a><\/div>\n<\/div>\n<\/div>\n\n\n\n<div class=\"wp-block-column is-layout-flow wp-block-column-is-layout-flow\">\n<figure class=\"wp-block-gallery has-nested-images columns-default is-cropped wp-block-gallery-3 is-layout-flex wp-block-gallery-is-layout-flex\">\n<figure class=\"wp-block-image size-large\"><img loading=\"lazy\" decoding=\"async\" width=\"1024\" height=\"768\" data-id=\"86\" src=\"https:\/\/hoteldamata.com.br\/wp-content\/uploads\/2024\/04\/5-1024x768.png\" alt=\"\" class=\"wp-image-86\" srcset=\"http:\/\/hoteldamata.com.br\/wp-content\/uploads\/2024\/04\/5-1024x768.png 1024w, http:\/\/hoteldamata.com.br\/wp-content\/uploads\/2024\/04\/5-300x225.png 300w, http:\/\/hoteldamata.com.br\/wp-content\/uploads\/2024\/04\/5.png 1280w\" sizes=\"auto, (max-width: 1024px) 100vw, 1024px\" \/><\/figure>\n\n\n\n<figure class=\"wp-block-image size-large\"><img loading=\"lazy\" decoding=\"async\" width=\"1024\" height=\"768\" data-id=\"88\" src=\"https:\/\/hoteldamata.com.br\/wp-content\/uploads\/2024\/04\/7-1024x768.png\" alt=\"\" class=\"wp-image-88\" srcset=\"http:\/\/hoteldamata.com.br\/wp-content\/uploads\/2024\/04\/7-1024x768.png 1024w, http:\/\/hoteldamata.com.br\/wp-content\/uploads\/2024\/04\/7-300x225.png 300w, http:\/\/hoteldamata.com.br\/wp-content\/uploads\/2024\/04\/7.png 1280w\" sizes=\"auto, (max-width: 1024px) 100vw, 1024px\" \/><\/figure>\n\n\n\n<figure class=\"wp-block-image size-large\"><img loading=\"lazy\" decoding=\"async\" width=\"1024\" height=\"768\" data-id=\"83\" src=\"https:\/\/hoteldamata.com.br\/wp-content\/uploads\/2024\/04\/4-1024x768.png\" alt=\"\" class=\"wp-image-83\" srcset=\"http:\/\/hoteldamata.com.br\/wp-content\/uploads\/2024\/04\/4-1024x768.png 1024w, http:\/\/hoteldamata.com.br\/wp-content\/uploads\/2024\/04\/4-300x225.png 300w, http:\/\/hoteldamata.com.br\/wp-content\/uploads\/2024\/04\/4.png 1280w\" sizes=\"auto, (max-width: 1024px) 100vw, 1024px\" \/><\/figure>\n\n\n\n<figure class=\"wp-block-image size-large\"><img loading=\"lazy\" decoding=\"async\" width=\"1024\" height=\"768\" data-id=\"85\" src=\"https:\/\/hoteldamata.com.br\/wp-content\/uploads\/2024\/04\/1-1-1024x768.png\" alt=\"\" class=\"wp-image-85\" srcset=\"http:\/\/hoteldamata.com.br\/wp-content\/uploads\/2024\/04\/1-1-1024x768.png 1024w, http:\/\/hoteldamata.com.br\/wp-content\/uploads\/2024\/04\/1-1-300x225.png 300w, http:\/\/hoteldamata.com.br\/wp-content\/uploads\/2024\/04\/1-1.png 1280w\" sizes=\"auto, (max-width: 1024px) 100vw, 1024px\" \/><\/figure>\n<\/figure>\n<\/div>\n<\/div>\n<\/div>\n<\/div>\n\n\n\n<div class=\"wp-block-cover alignfull has-parallax is-position-center-center\" style=\"border-radius:0px\"><span aria-hidden=\"true\" class=\"wp-block-cover__background has-black-background-color has-background-dim-40 has-background-dim\"><\/span><div class=\"wp-block-cover__image-background wp-image-106 has-parallax\" style=\"background-position:50% 50%;background-image:url(https:\/\/hoteldamata.com.br\/wp-content\/uploads\/2024\/04\/PROSHOP-PROPOSTA-3.png)\"><\/div><div class=\"wp-block-cover__inner-container is-layout-flow wp-block-cover-is-layout-flow\">\n<div class=\"wp-block-group has-global-padding is-layout-constrained wp-block-group-is-layout-constrained\">\n<p><\/p>\n\n\n\n<h3 class=\"wp-block-heading has-text-align-center has-text-color has-medium-font-size\" style=\"color:#fffffa;text-transform:uppercase\">SISTEMA DE PENS\u00c3O COMPLETA!<\/h3>\n\n\n\n<p class=\"has-text-align-center has-white-color has-text-color\">Desfrute da comodidade da pens\u00e3o completa, onde a ess\u00eancia acolhedora \u00e9 <br>elevada com refei\u00e7\u00f5es caseiras que encantam o paladar.&nbsp;<\/p>\n<\/div>\n<\/div><\/div>\n\n\n\n<div class=\"wp-block-group has-global-padding is-layout-constrained wp-block-group-is-layout-constrained\">\n<h2 class=\"wp-block-heading has-text-align-center has-medium-font-size\" style=\"letter-spacing:1px\"><br><br>FA\u00c7A O SEU EVENTO NO HOTEL DA MATA<\/h2>\n\n\n\n<p class=\"has-text-align-center\">Nosso hotel oferece espa\u00e7os vers\u00e1teis e um atendimento personalizado que transformar\u00e1 cada ocasi\u00e3o em um momento memor\u00e1vel. Conte conosco para proporcionar experi\u00eancias \u00fanicas e superar suas expectativas em cada detalhe do seu evento.<\/p>\n\n\n\n<div class=\"wp-block-buttons alignwide is-content-justification-center is-layout-flex wp-container-core-buttons-is-layout-a89b3969 wp-block-buttons-is-layout-flex\">\n<div class=\"wp-block-button\"><a class=\"wp-block-button__link wp-element-button\" href=\"https:\/\/api.whatsapp.com\/send?phone=551148585828&amp;text=Ol%C3%A1!%20Gostaria%20de%20uma%20cota%C3%A7%C3%A3o%20para%20um%20evento,%20podem%20me%20ajudar?\">FA\u00c7A SUA COTA\u00c7\u00c3O<\/a><\/div>\n<\/div>\n<\/div>\n\n\n\n<p><br><\/p>\n","protected":false},"excerpt":{"rendered":"<p>SOBRE O NOSSO HOTEL Bem-vindo ao nosso ref\u00fagio em Mairipor\u00e3, SP, o local perfeito para escapar da agita\u00e7\u00e3o da cidade sem se afastar muito. O Hotel da Mata oferece uma experi\u00eancia \u00fanica, proporcionando o equil\u00edbrio ideal entre tranquilidade e conveni\u00eancia, estando estrategicamente localizado pr\u00f3ximo \u00e0 capital de S\u00e3o Paulo. Desfrute do conforto da pens\u00e3o completa, &hellip; <\/p>\n<p class=\"link-more\"><a href=\"http:\/\/hoteldamata.com.br\/\" class=\"more-link\">Read more<span class=\"screen-reader-text\"> &#8220;Homepage&#8221;<\/span><\/a><\/p>\n","protected":false},"author":1,"featured_media":0,"parent":0,"menu_order":0,"comment_status":"closed","ping_status":"closed","template":"page-templates\/homepage-no-hero.php","meta":{"footnotes":""},"class_list":["post-17","page","type-page","status-publish","hentry"],"_links":{"self":[{"href":"http:\/\/hoteldamata.com.br\/index.php?rest_route=\/wp\/v2\/pages\/17","targetHints":{"allow":["GET"]}}],"collection":[{"href":"http:\/\/hoteldamata.com.br\/index.php?rest_route=\/wp\/v2\/pages"}],"about":[{"href":"http:\/\/hoteldamata.com.br\/index.php?rest_route=\/wp\/v2\/types\/page"}],"author":[{"embeddable":true,"href":"http:\/\/hoteldamata.com.br\/index.php?rest_route=\/wp\/v2\/users\/1"}],"replies":[{"embeddable":true,"href":"http:\/\/hoteldamata.com.br\/index.php?rest_route=%2Fwp%2Fv2%2Fcomments&post=17"}],"version-history":[{"count":10,"href":"http:\/\/hoteldamata.com.br\/index.php?rest_route=\/wp\/v2\/pages\/17\/revisions"}],"predecessor-version":[{"id":107,"href":"http:\/\/hoteldamata.com.br\/index.php?rest_route=\/wp\/v2\/pages\/17\/revisions\/107"}],"wp:attachment":[{"href":"http:\/\/hoteldamata.com.br\/index.php?rest_route=%2Fwp%2Fv2%2Fmedia&parent=17"}],"curies":[{"name":"wp","href":"https:\/\/api.w.org\/{rel}","templated":true}]}}